{"id":8205,"date":"2025-04-28T14:21:16","date_gmt":"2025-04-28T12:21:16","guid":{"rendered":"https:\/\/eichenberger.staging2.net\/?page_id=8205"},"modified":"2025-06-24T14:38:43","modified_gmt":"2025-06-24T12:38:43","slug":"leistung-verdoppeln-begrenzter-bauraum","status":"publish","type":"page","link":"https:\/\/www.eichenberger.com\/de\/leistung-verdoppeln-begrenzter-bauraum\/","title":{"rendered":"Goliath inside David."},"content":{"rendered":"\t\t<div data-elementor-type=\"wp-page\" data-elementor-id=\"8205\" class=\"elementor elementor-8205\" data-elementor-post-type=\"page\">\n\t\t\t\t<div class=\"elementor-element elementor-element-fa08299 e-flex e-con-boxed e-con e-parent\" data-id=\"fa08299\" data-element_type=\"container\" data-e-type=\"container\">\n\t\t\t\t\t<div class=\"e-con-inner\">\n\t\t\t\t<div class=\"elementor-element elementor-element-9482c9c elementor-widget elementor-widget-theme-site-logo elementor-widget-image\" data-id=\"9482c9c\" data-element_type=\"widget\" data-e-type=\"widget\" data-widget_type=\"theme-site-logo.default\">\n\t\t\t\t\t\t\t\t\t\t\t<a href=\"https:\/\/www.eichenberger.com\/de\">\n\t\t\t<img alt=\"\" decoding=\"async\" width=\"127\" height=\"42\" src=\"https:\/\/e9rum28pkjh.exactdn.com\/wp-content\/uploads\/2025\/04\/eichenberger-logo.svg\" class=\"attachment-full size-full wp-image-2976\" alt=\"\" \/>\t\t\t\t<\/a>\n\t\t\t\t\t\t\t\t\t\t\t<\/div>\n\t\t\t\t\t<\/div>\n\t\t\t\t<\/div>\n\t\t<div class=\"elementor-element elementor-element-c59c114 links-with-accent-color e-flex e-con-boxed e-con e-parent\" data-id=\"c59c114\" data-element_type=\"container\" data-e-type=\"container\">\n\t\t\t\t\t<div class=\"e-con-inner\">\n\t\t<div class=\"elementor-element elementor-element-62e9b26 e-grid e-con-full e-con e-child\" data-id=\"62e9b26\" data-element_type=\"container\" data-e-type=\"container\">\n\t\t<div class=\"elementor-element elementor-element-a8d0c34 e-con-full e-flex e-con e-child\" data-id=\"a8d0c34\" data-element_type=\"container\" data-e-type=\"container\">\n\t\t\t\t<div class=\"elementor-element elementor-element-fa63c2d elementor-widget__width-initial elementor-widget elementor-widget-text-editor\" data-id=\"fa63c2d\" data-element_type=\"widget\" data-e-type=\"widget\" data-widget_type=\"text-editor.default\">\n\t\t\t\t\t\t\t\t\t<p>Wie Sie die Leistung verdoppeln und die Lebensdauer verdreifachen \u2013 ohne zus\u00e4tzlichen Bauraum.<\/p>\t\t\t\t\t\t\t\t<\/div>\n\t\t\t\t<div class=\"elementor-element elementor-element-94ea532 elementor-widget elementor-widget-heading\" data-id=\"94ea532\" data-element_type=\"widget\" data-e-type=\"widget\" data-widget_type=\"heading.default\">\n\t\t\t\t\t<h1 class=\"elementor-heading-title elementor-size-default\">Goliath inside David.<\/h1>\t\t\t\t<\/div>\n\t\t\t\t<\/div>\n\t\t\t\t<div class=\"elementor-element elementor-element-783b5be elementor-widget elementor-widget-image\" data-id=\"783b5be\" data-element_type=\"widget\" data-e-type=\"widget\" data-widget_type=\"image.default\">\n\t\t\t\t\t\t\t\t\t\t\t\t\t\t\t<img fetchpriority=\"high\" decoding=\"async\" width=\"800\" height=\"419\" src=\"https:\/\/e9rum28pkjh.exactdn.com\/wp-content\/uploads\/2025\/06\/5.jpg?strip=all&amp;fit=800%2C419\" class=\"attachment-large size-large wp-image-16871\" alt=\"Mann mit Gartenschere und Brosch\u00fcren, jetzt herunterladen\" srcset=\"https:\/\/e9rum28pkjh.exactdn.com\/wp-content\/uploads\/2025\/06\/5.jpg?strip=all 1200w, https:\/\/e9rum28pkjh.exactdn.com\/wp-content\/uploads\/2025\/06\/5-1024x536.jpg?strip=all 1024w, https:\/\/e9rum28pkjh.exactdn.com\/wp-content\/uploads\/2025\/06\/5-768x402.jpg?strip=all 768w, https:\/\/e9rum28pkjh.exactdn.com\/wp-content\/uploads\/2025\/06\/5-18x9.jpg?strip=all 18w, https:\/\/e9rum28pkjh.exactdn.com\/wp-content\/uploads\/2025\/06\/5.jpg?strip=all&amp;w=240 240w, https:\/\/e9rum28pkjh.exactdn.com\/wp-content\/uploads\/2025\/06\/5.jpg?strip=all&amp;w=480 480w, https:\/\/e9rum28pkjh.exactdn.com\/wp-content\/uploads\/2025\/06\/5.jpg?strip=all&amp;w=960 960w\" sizes=\"(max-width: 800px) 100vw, 800px\" \/>\t\t\t\t\t\t\t\t\t\t\t\t\t\t\t<\/div>\n\t\t\t\t<\/div>\n\t\t<div class=\"elementor-element elementor-element-8fa16f6 e-grid e-con-full e-con e-child\" data-id=\"8fa16f6\" data-element_type=\"container\" data-e-type=\"container\">\n\t\t<div class=\"elementor-element elementor-element-fe4eea4 e-con-full e-flex e-con e-child\" data-id=\"fe4eea4\" data-element_type=\"container\" data-e-type=\"container\">\n\t\t\t\t<div class=\"elementor-element elementor-element-36db862 elementor-widget elementor-widget-heading\" data-id=\"36db862\" data-element_type=\"widget\" data-e-type=\"widget\" data-widget_type=\"heading.default\">\n\t\t\t\t\t<h2 class=\"elementor-heading-title elementor-size-default\">Sichern Sie sich Ihr kostenloses Whitepaper<\/h2>\t\t\t\t<\/div>\n\t\t\t\t<div class=\"elementor-element elementor-element-33b6ea7 fluent-form-widget-step-header-yes fluent-form-widget-step-progressbar-yes fluentform-widget-submit-button-custom elementor-widget elementor-widget-fluent-form-widget\" data-id=\"33b6ea7\" data-element_type=\"widget\" data-e-type=\"widget\" data-widget_type=\"fluent-form-widget.default\">\n\t\t\t\t<div class=\"elementor-widget-container\">\n\t\t\t\t\t\n            <div class=\"fluentform-widget-wrapper fluentform-widget-align-default\">\n\n            \n            <div class='fluentform ff-default fluentform_wrapper_4 ffs_default_wrap'><form data-form_id=\"4\" id=\"fluentform_4\" class=\"frm-fluent-form fluent_form_4 ff-el-form-top ff_form_instance_4_1 ff-form-loading ffs_default\" data-form_instance=\"ff_form_instance_4_1\" method=\"POST\" data-turnstile_key=\"0x4AAAAAABWbrK8VLcoyir7j\" ><fieldset  style=\"border: none!important;margin: 0!important;padding: 0!important;background-color: transparent!important;box-shadow: none!important;outline: none!important; min-inline-size: 100%;\">\n                    <legend class=\"ff_screen_reader_title\" style=\"display: block; margin: 0!important;padding: 0!important;height: 0!important;text-indent: -999999px;width: 0!important;overflow:hidden;\">Whitepaper Goliath @ Landing Page<\/legend><input type='hidden' name='__fluent_form_embded_post_id' value='8205' \/><input type=\"hidden\" id=\"_fluentform_4_fluentformnonce\" name=\"_fluentform_4_fluentformnonce\" value=\"7ef982a6d1\" \/><input type=\"hidden\" name=\"_wp_http_referer\" value=\"\/de\/wp-json\/wp\/v2\/pages\/8205\" \/><div data-type=\"name-element\" data-name=\"names\" class=\" ff-field_container ff-name-field-wrapper\" ><div class='ff-t-container'><div class='ff-t-cell '><div class='ff-el-group ff-el-form-top'><div class=\"ff-el-input--label ff-el-is-required asterisk-right\"><label for='ff_4_names_first_name_' id='label_ff_4_names_first_name_' >Vorname<\/label><\/div><div class='ff-el-input--content'><input type=\"text\" name=\"names[first_name]\" id=\"ff_4_names_first_name_\" class=\"ff-el-form-control\" placeholder=\"Ihr Vorname\" aria-invalid=\"false\" aria-required=true><\/div><\/div><\/div><div class='ff-t-cell '><div class='ff-el-group ff-el-form-top'><div class=\"ff-el-input--label ff-el-is-required asterisk-right\"><label for='ff_4_names_last_name_' id='label_ff_4_names_last_name_' >Nachname<\/label><\/div><div class='ff-el-input--content'><input type=\"text\" name=\"names[last_name]\" id=\"ff_4_names_last_name_\" class=\"ff-el-form-control\" placeholder=\"Ihr Nachname\" aria-invalid=\"false\" aria-required=true><\/div><\/div><\/div><\/div><\/div><div class='ff-el-group'><div class=\"ff-el-input--label ff-el-is-required asterisk-right\"><label for='ff_4_email' id='label_ff_4_email' aria-label=\"E-Mail-Adresse\">E-Mail-Adresse<\/label><\/div><div class='ff-el-input--content'><input type=\"email\" name=\"email\" id=\"ff_4_email\" class=\"ff-el-form-control\" data-name=\"email\"  aria-invalid=\"false\" aria-required=true><\/div><\/div><div class='ff-el-group'><div class=\"ff-el-input--label asterisk-right\"><label for='ff_4_input_mask' id='label_ff_4_input_mask' aria-label=\"Unternehmen\">Unternehmen<\/label><\/div><div class='ff-el-input--content'><input type=\"text\" name=\"input_mask\" class=\"ff-el-form-control\" data-name=\"input_mask\" id=\"ff_4_input_mask\"  aria-invalid=\"false\" aria-required=false><\/div><\/div><div class='ff-el-group ff-el-form-hide_label ebg-dsgvo-hint'><div class=\"ff-el-input--label ff-el-is-required asterisk-right\"><label   aria-label=\"Checkbox Field\">Checkbox Field<\/label><\/div><div class='ff-el-input--content'><div class='ff-el-form-check ff-el-form-check-'><label class='ff-el-form-check-label' for='checkbox_9774c5e9e9ca80c755e54008c1486c01'><input  type=\"checkbox\" name=\"checkbox[]\" data-name=\"checkbox\" class=\"ff-el-form-check-input ff-el-form-check-checkbox\" value=\"Ich stimme zu, Benachrichtigungen von Eichenberger AG zu erhalten.*\"  id='checkbox_9774c5e9e9ca80c755e54008c1486c01' aria-label='Ich stimme zu, Benachrichtigungen von Eichenberger AG zu erhalten.*' aria-invalid='false' aria-required=true> <span>Ich stimme zu, Benachrichtigungen von Eichenberger AG zu erhalten.*<\/span><\/label><\/div><\/div><\/div><div class='ff-el-group ' style='margin-bottom: 0;'><div class='ff-el-input--content'><div data-fluent_id='4' name='cf-turnstile-response'><div\n\t\tdata-sitekey='0x4AAAAAABWbrK8VLcoyir7j'\n\t\tdata-theme='light'\n\t\tid='fluentform-turnstile-4-1'\n\t\tclass='ff-el-turnstile cf-turnstile'\n\t\tdata-appearance='interaction-only'><\/div><\/div><\/div><\/div><div class='ff-el-group ff-text-left elementor-widget-button ff_submit_btn_wrapper ff_submit_btn_wrapper_custom'><button class=\"ff-btn ff-btn-submit ff-btn-md elementor-button ff_btn_no_style\" type=\"submit\" name=\"custom_submit_button-4_1\" data-name=\"custom_submit_button-4_1\"  aria-label=\"Whitepaper herunterladen\">Whitepaper herunterladen<\/button><\/div><\/fieldset><\/form><div id='fluentform_4_errors' class='ff-errors-in-stack ff_form_instance_4_1 ff-form-loading_errors ff_form_instance_4_1_errors'><\/div><\/div>            <script type=\"text\/javascript\">\n                window.fluent_form_ff_form_instance_4_1 = {\"id\":\"4\",\"settings\":{\"layout\":{\"labelPlacement\":\"top\",\"asteriskPlacement\":\"asterisk-right\",\"helpMessagePlacement\":\"with_label\",\"errorMessagePlacement\":\"inline\",\"cssClassName\":\"\"},\"restrictions\":{\"denyEmptySubmission\":{\"enabled\":false}}},\"form_instance\":\"ff_form_instance_4_1\",\"form_id_selector\":\"fluentform_4\",\"rules\":{\"names[first_name]\":{\"required\":{\"value\":true,\"message\":\"Bitte f\\u00fcllen Sie dieses Pflichtfeld aus.\",\"global_message\":\"Bitte f\\u00fcllen Sie dieses Pflichtfeld aus.\",\"global\":true}},\"names[middle_name]\":{\"required\":{\"value\":false,\"message\":\"Bitte f\\u00fcllen Sie dieses Pflichtfeld aus.\",\"global_message\":\"Bitte f\\u00fcllen Sie dieses Pflichtfeld aus.\",\"global\":true}},\"names[last_name]\":{\"required\":{\"value\":true,\"message\":\"Bitte f\\u00fcllen Sie dieses Pflichtfeld aus.\",\"global_message\":\"Bitte f\\u00fcllen Sie dieses Pflichtfeld aus.\",\"global\":true}},\"email\":{\"required\":{\"value\":true,\"message\":\"Bitte f\\u00fcllen Sie dieses Pflichtfeld aus.\",\"global_message\":\"Bitte f\\u00fcllen Sie dieses Pflichtfeld aus.\",\"global\":true},\"email\":{\"value\":true,\"message\":\"Dieses Feld muss eine g\\u00fcltige E-Mail enthalten\",\"global_message\":\"Dieses Feld muss eine g\\u00fcltige E-Mail enthalten\",\"global\":true}},\"input_mask\":{\"required\":{\"value\":false,\"message\":\"Bitte f\\u00fcllen Sie dieses Pflichtfeld aus.\",\"global_message\":\"Bitte f\\u00fcllen Sie dieses Pflichtfeld aus.\",\"global\":true}},\"checkbox\":{\"required\":{\"value\":true,\"message\":\"Bitte f\\u00fcllen Sie dieses Pflichtfeld aus.\",\"global_message\":\"Bitte f\\u00fcllen Sie dieses Pflichtfeld aus.\",\"global\":true}},\"cf-turnstile-response\":[]},\"debounce_time\":300};\n                            <\/script>\n                        <\/div>\n\n            \t\t\t\t<\/div>\n\t\t\t\t<\/div>\n\t\t\t\t<\/div>\n\t\t<div class=\"elementor-element elementor-element-6e1d7f1 e-con-full e-flex e-con e-child\" data-id=\"6e1d7f1\" data-element_type=\"container\" data-e-type=\"container\">\n\t\t\t\t<div class=\"elementor-element elementor-element-135f7e6 elementor-widget elementor-widget-text-editor\" data-id=\"135f7e6\" data-element_type=\"widget\" data-e-type=\"widget\" data-widget_type=\"text-editor.default\">\n\t\t\t\t\t\t\t\t\t<p>Sie haben unsere Masterclass auf der Hannover Messe 2025 verpasst? Kein Problem. In diesem exklusiven <strong><a href=\"#whitepaper\">Whitepaper<\/a><\/strong> zeigen wir Ihnen den vollst\u00e4ndigen Use Case, der die Messebesucher begeistert hat:<\/p><p><strong>Im Whitepaper erfahren Sie, wie Sie:<\/strong><br \/>\u2713 <strong>Leistung verdoppeln und Lebensdauer verdreifachen<\/strong><br \/>\u2713 Zusammenhang zwischen Bauraum und Leistung erkennen<br \/>\u2713 Einschr\u00e4nkungen analysieren und eliminieren<br \/>\u2713 L\u00f6sung f\u00fcr \u00e4hnliche Herausforderungen bei Ihrem Projekt<\/p>\t\t\t\t\t\t\t\t<\/div>\n\t\t\t\t<div class=\"elementor-element elementor-element-dbd19ad elementor-widget elementor-widget-image\" data-id=\"dbd19ad\" data-element_type=\"widget\" data-e-type=\"widget\" data-widget_type=\"image.default\">\n\t\t\t\t\t\t\t\t\t\t\t\t\t\t\t<img decoding=\"async\" width=\"800\" height=\"419\" src=\"https:\/\/e9rum28pkjh.exactdn.com\/wp-content\/uploads\/2025\/06\/Whitepaper-Assets_1x1-1200-x-628-px-1.jpg?strip=all&amp;fit=800%2C419\" class=\"attachment-large size-large wp-image-17114\" alt=\"KEM Konstruktion Leseempfehlung mit technischen Grafiken.\" srcset=\"https:\/\/e9rum28pkjh.exactdn.com\/wp-content\/uploads\/2025\/06\/Whitepaper-Assets_1x1-1200-x-628-px-1.jpg?strip=all 1200w, https:\/\/e9rum28pkjh.exactdn.com\/wp-content\/uploads\/2025\/06\/Whitepaper-Assets_1x1-1200-x-628-px-1-1024x536.jpg?strip=all 1024w, https:\/\/e9rum28pkjh.exactdn.com\/wp-content\/uploads\/2025\/06\/Whitepaper-Assets_1x1-1200-x-628-px-1-768x402.jpg?strip=all 768w, https:\/\/e9rum28pkjh.exactdn.com\/wp-content\/uploads\/2025\/06\/Whitepaper-Assets_1x1-1200-x-628-px-1-18x9.jpg?strip=all 18w, https:\/\/e9rum28pkjh.exactdn.com\/wp-content\/uploads\/2025\/06\/Whitepaper-Assets_1x1-1200-x-628-px-1.jpg?strip=all&amp;w=240 240w, https:\/\/e9rum28pkjh.exactdn.com\/wp-content\/uploads\/2025\/06\/Whitepaper-Assets_1x1-1200-x-628-px-1.jpg?strip=all&amp;w=480 480w, https:\/\/e9rum28pkjh.exactdn.com\/wp-content\/uploads\/2025\/06\/Whitepaper-Assets_1x1-1200-x-628-px-1.jpg?strip=all&amp;w=960 960w\" sizes=\"(max-width: 800px) 100vw, 800px\" \/>\t\t\t\t\t\t\t\t\t\t\t\t\t\t\t<\/div>\n\t\t\t\t<\/div>\n\t\t\t\t<\/div>\n\t\t\t\t\t<\/div>\n\t\t\t\t<\/div>\n\t\t<div class=\"elementor-element elementor-element-e8c7a24 e-grid e-con-full e-con e-parent\" data-id=\"e8c7a24\" data-element_type=\"container\" data-e-type=\"container\">\n\t\t\t\t<div class=\"elementor-element elementor-element-ceb51cd elementor-widget elementor-widget-image\" data-id=\"ceb51cd\" data-element_type=\"widget\" data-e-type=\"widget\" data-widget_type=\"image.default\">\n\t\t\t\t\t\t\t\t\t\t\t\t\t\t\t<img alt=\"\" loading=\"lazy\" decoding=\"async\" width=\"800\" height=\"443\" src=\"https:\/\/e9rum28pkjh.exactdn.com\/wp-content\/uploads\/2025\/04\/AEP_Masterclass2.jpeg?strip=all&amp;fit=800%2C443\" class=\"attachment-large size-large wp-image-8238\" alt=\"\" srcset=\"https:\/\/e9rum28pkjh.exactdn.com\/wp-content\/uploads\/2025\/04\/AEP_Masterclass2.jpeg?strip=all 1200w, https:\/\/e9rum28pkjh.exactdn.com\/wp-content\/uploads\/2025\/04\/AEP_Masterclass2-1024x567.jpeg?strip=all 1024w, https:\/\/e9rum28pkjh.exactdn.com\/wp-content\/uploads\/2025\/04\/AEP_Masterclass2-768x425.jpeg?strip=all 768w, https:\/\/e9rum28pkjh.exactdn.com\/wp-content\/uploads\/2025\/04\/AEP_Masterclass2-18x10.jpeg?strip=all 18w, https:\/\/e9rum28pkjh.exactdn.com\/wp-content\/uploads\/2025\/04\/AEP_Masterclass2.jpeg?strip=all&amp;w=240 240w, https:\/\/e9rum28pkjh.exactdn.com\/wp-content\/uploads\/2025\/04\/AEP_Masterclass2.jpeg?strip=all&amp;w=480 480w, https:\/\/e9rum28pkjh.exactdn.com\/wp-content\/uploads\/2025\/04\/AEP_Masterclass2.jpeg?strip=all&amp;w=960 960w\" sizes=\"(max-width: 800px) 100vw, 800px\" \/>\t\t\t\t\t\t\t\t\t\t\t\t\t\t\t<\/div>\n\t\t\t\t<div class=\"elementor-element elementor-element-0cf302b elementor-widget elementor-widget-image\" data-id=\"0cf302b\" data-element_type=\"widget\" data-e-type=\"widget\" data-widget_type=\"image.default\">\n\t\t\t\t\t\t\t\t\t\t\t\t\t\t\t<img loading=\"lazy\" decoding=\"async\" width=\"800\" height=\"467\" src=\"https:\/\/e9rum28pkjh.exactdn.com\/wp-content\/uploads\/2025\/04\/eichenberger_header_hmi.jpeg?strip=all&amp;fit=800%2C467\" class=\"attachment-large size-large wp-image-8237\" alt=\"Hannover Messe 2020 Plakat in Gesch\u00e4ftszentrum\" srcset=\"https:\/\/e9rum28pkjh.exactdn.com\/wp-content\/uploads\/2025\/04\/eichenberger_header_hmi.jpeg?strip=all 857w, https:\/\/e9rum28pkjh.exactdn.com\/wp-content\/uploads\/2025\/04\/eichenberger_header_hmi-768x448.jpeg?strip=all 768w, https:\/\/e9rum28pkjh.exactdn.com\/wp-content\/uploads\/2025\/04\/eichenberger_header_hmi-18x12.jpeg?strip=all 18w, https:\/\/e9rum28pkjh.exactdn.com\/wp-content\/uploads\/2025\/04\/eichenberger_header_hmi.jpeg?strip=all&amp;w=171 171w, https:\/\/e9rum28pkjh.exactdn.com\/wp-content\/uploads\/2025\/04\/eichenberger_header_hmi.jpeg?strip=all&amp;w=342 342w, https:\/\/e9rum28pkjh.exactdn.com\/wp-content\/uploads\/2025\/04\/eichenberger_header_hmi.jpeg?strip=all&amp;w=514 514w, https:\/\/e9rum28pkjh.exactdn.com\/wp-content\/uploads\/2025\/04\/eichenberger_header_hmi.jpeg?strip=all&amp;w=685 685w, https:\/\/e9rum28pkjh.exactdn.com\/wp-content\/uploads\/2025\/04\/eichenberger_header_hmi.jpeg?strip=all&amp;w=450 450w\" sizes=\"(max-width: 800px) 100vw, 800px\" \/>\t\t\t\t\t\t\t\t\t\t\t\t\t\t\t<\/div>\n\t\t\t\t<div class=\"elementor-element elementor-element-f3c777b elementor-widget elementor-widget-image\" data-id=\"f3c777b\" data-element_type=\"widget\" data-e-type=\"widget\" data-widget_type=\"image.default\">\n\t\t\t\t\t\t\t\t\t\t\t\t\t\t\t<img loading=\"lazy\" decoding=\"async\" width=\"720\" height=\"1080\" src=\"https:\/\/e9rum28pkjh.exactdn.com\/wp-content\/uploads\/2025\/04\/AEP_Masterclass3-720x1080.jpeg?strip=all\" class=\"attachment-large size-large wp-image-8236\" alt=\"Redner bei Festo Masterclasses mit Mikrofon\" srcset=\"https:\/\/e9rum28pkjh.exactdn.com\/wp-content\/uploads\/2025\/04\/AEP_Masterclass3-720x1080.jpeg?strip=all 720w, https:\/\/e9rum28pkjh.exactdn.com\/wp-content\/uploads\/2025\/04\/AEP_Masterclass3-683x1024.jpeg?strip=all 683w, https:\/\/e9rum28pkjh.exactdn.com\/wp-content\/uploads\/2025\/04\/AEP_Masterclass3-768x1152.jpeg?strip=all 768w, https:\/\/e9rum28pkjh.exactdn.com\/wp-content\/uploads\/2025\/04\/AEP_Masterclass3-8x12.jpeg?strip=all 8w, https:\/\/e9rum28pkjh.exactdn.com\/wp-content\/uploads\/2025\/04\/AEP_Masterclass3.jpeg?strip=all 800w, https:\/\/e9rum28pkjh.exactdn.com\/wp-content\/uploads\/2025\/04\/AEP_Masterclass3.jpeg?strip=all&amp;w=160 160w, https:\/\/e9rum28pkjh.exactdn.com\/wp-content\/uploads\/2025\/04\/AEP_Masterclass3.jpeg?strip=all&amp;w=320 320w, https:\/\/e9rum28pkjh.exactdn.com\/wp-content\/uploads\/2025\/04\/AEP_Masterclass3.jpeg?strip=all&amp;w=480 480w\" sizes=\"(max-width: 720px) 100vw, 720px\" \/>\t\t\t\t\t\t\t\t\t\t\t\t\t\t\t<\/div>\n\t\t\t\t<\/div>\n\t\t<div class=\"elementor-element elementor-element-f4c6b8a e-flex e-con-boxed e-con e-parent\" data-id=\"f4c6b8a\" data-element_type=\"container\" data-e-type=\"container\" id=\"whitepaper\" data-settings=\"{&quot;background_background&quot;:&quot;classic&quot;}\">\n\t\t\t\t\t<div class=\"e-con-inner\">\n\t\t\t\t<div class=\"elementor-element elementor-element-62d4dcb elementor-widget elementor-widget-text-editor\" data-id=\"62d4dcb\" data-element_type=\"widget\" data-e-type=\"widget\" data-widget_type=\"text-editor.default\">\n\t\t\t\t\t\t\t\t\t<p><strong>Masterclass Special: Maximale Performance in begrenzten Baur\u00e4umen<\/strong><\/p><p>In der Masterclass auf der Hannover Messe 2025 pr\u00e4sentierte unser Entwickler Philipp Aeschbach praxisnahe Einblicke in die Entwicklung und Umsetzung eines bahnbrechenden Kundenprojekts. Im Whitepaper finden Sie den Deep-Dive zum Projekt. Das Whitepaper ist eine Pflichtlekt\u00fcre f\u00fcr alle Entwickler, die den Clou hinter Bauraumbeschr\u00e4nkungen erfahren m\u00f6chten und diese eliminieren m\u00f6chten. So k\u00f6nnen Sie Performance- und Lebensdauersteigerung in Ihrem eigenen Projekt realisieren. Was es braucht, ist eine andere Herangehensweise und einen spezialisierten Partner.<\/p>\t\t\t\t\t\t\t\t<\/div>\n\t\t\t\t\t<\/div>\n\t\t\t\t<\/div>\n\t\t<div class=\"elementor-element elementor-element-3f852800 e-flex e-con-boxed e-con e-parent\" data-id=\"3f852800\" data-element_type=\"container\" data-e-type=\"container\" data-settings=\"{&quot;background_background&quot;:&quot;classic&quot;}\">\n\t\t\t\t\t<div class=\"e-con-inner\">\n\t\t\t\t<div class=\"elementor-element elementor-element-5c744eb2 elementor-widget elementor-widget-heading\" data-id=\"5c744eb2\" data-element_type=\"widget\" data-e-type=\"widget\" data-widget_type=\"heading.default\">\n\t\t\t\t\t<h2 class=\"elementor-heading-title elementor-size-default\">Ein Unternehmen der Festo Gruppe<\/h2>\t\t\t\t<\/div>\n\t\t\t\t<div class=\"elementor-element elementor-element-4bc073de elementor-widget elementor-widget-text-editor\" data-id=\"4bc073de\" data-element_type=\"widget\" data-e-type=\"widget\" data-widget_type=\"text-editor.default\">\n\t\t\t\t\t\t\t\t\t<p><strong>Passion<\/strong> for Perfect Motion<\/p>\t\t\t\t\t\t\t\t<\/div>\n\t\t\t\t\t<\/div>\n\t\t\t\t<\/div>\n\t\t\t\t<\/div>\n\t\t","protected":false},"excerpt":{"rendered":"<p>Wie Sie die Leistung verdoppeln und die Lebensdauer verdreifachen \u2013 ohne zus\u00e4tzlichen Bauraum. Goliath inside David. Sichern Sie sich Ihr kostenloses Whitepaper Whitepaper Goliath @ Landing Page VornameNachnameE-Mail-AdresseUnternehmenCheckbox Field Ich stimme zu, Benachrichtigungen von Eichenberger AG zu erhalten.*Whitepaper herunterladen Sie haben unsere Masterclass auf der Hannover Messe 2025 verpasst? Kein Problem. In diesem exklusiven Whitepaper [&hellip;]<\/p>\n","protected":false},"author":7,"featured_media":0,"parent":0,"menu_order":0,"comment_status":"closed","ping_status":"closed","template":"elementor_canvas","meta":{"_acf_changed":false,"_seopress_robots_primary_cat":"","_seopress_titles_title":"Miniaturisierung Antriebstechnik - Bauraum mit Kugelumlaufspindel optimieren","_seopress_titles_desc":"Jetzt unser kostenloses Whitepaper herunterladen Platzbeschr\u00e4nkungen eliminieren. Ihr Weg zu doppelter Leistung und dreifacher Lebensdauer.","_seopress_robots_index":"","footnotes":""},"element":[],"seitenkategorie":[],"class_list":["post-8205","page","type-page","status-publish","hentry"],"acf":[],"_links":{"self":[{"href":"https:\/\/www.eichenberger.com\/de\/wp-json\/wp\/v2\/pages\/8205","targetHints":{"allow":["GET"]}}],"collection":[{"href":"https:\/\/www.eichenberger.com\/de\/wp-json\/wp\/v2\/pages"}],"about":[{"href":"https:\/\/www.eichenberger.com\/de\/wp-json\/wp\/v2\/types\/page"}],"author":[{"embeddable":true,"href":"https:\/\/www.eichenberger.com\/de\/wp-json\/wp\/v2\/users\/7"}],"replies":[{"embeddable":true,"href":"https:\/\/www.eichenberger.com\/de\/wp-json\/wp\/v2\/comments?post=8205"}],"version-history":[{"count":10,"href":"https:\/\/www.eichenberger.com\/de\/wp-json\/wp\/v2\/pages\/8205\/revisions"}],"predecessor-version":[{"id":17117,"href":"https:\/\/www.eichenberger.com\/de\/wp-json\/wp\/v2\/pages\/8205\/revisions\/17117"}],"wp:attachment":[{"href":"https:\/\/www.eichenberger.com\/de\/wp-json\/wp\/v2\/media?parent=8205"}],"wp:term":[{"taxonomy":"element","embeddable":true,"href":"https:\/\/www.eichenberger.com\/de\/wp-json\/wp\/v2\/element?post=8205"},{"taxonomy":"seitenkategorie","embeddable":true,"href":"https:\/\/www.eichenberger.com\/de\/wp-json\/wp\/v2\/seitenkategorie?post=8205"}],"curies":[{"name":"wp","href":"https:\/\/api.w.org\/{rel}","templated":true}]}}