{"id":7578,"date":"2025-04-24T12:32:57","date_gmt":"2025-04-24T10:32:57","guid":{"rendered":"https:\/\/eichenberger.staging2.net\/?page_id=7578"},"modified":"2025-04-24T12:35:08","modified_gmt":"2025-04-24T10:35:08","slug":"impressum","status":"publish","type":"page","link":"https:\/\/www.eichenberger.com\/de\/impressum\/","title":{"rendered":"Impressum"},"content":{"rendered":"\t\t<div data-elementor-type=\"wp-page\" data-elementor-id=\"7578\" class=\"elementor elementor-7578\" data-elementor-post-type=\"page\">\n\t\t\t\t<div class=\"elementor-element elementor-element-bc02045 e-flex e-con-boxed e-con e-parent\" data-id=\"bc02045\" data-element_type=\"container\" data-e-type=\"container\" data-settings=\"{&quot;background_background&quot;:&quot;classic&quot;}\">\n\t\t\t\t\t<div class=\"e-con-inner\">\n\t\t\t\t<div class=\"elementor-element elementor-element-59c1b45 elementor-widget elementor-widget-heading\" data-id=\"59c1b45\" data-element_type=\"widget\" data-e-type=\"widget\" data-widget_type=\"heading.default\">\n\t\t\t\t\t<h1 class=\"elementor-heading-title elementor-size-default\">Impressum<\/h1>\t\t\t\t<\/div>\n\t\t\t\t<div class=\"elementor-element elementor-element-33518bf elementor-widget elementor-widget-heading\" data-id=\"33518bf\" data-element_type=\"widget\" data-e-type=\"widget\" data-widget_type=\"heading.default\">\n\t\t\t\t\t<p class=\"elementor-heading-title elementor-size-default\">Rechtliche Hinweise<\/p>\t\t\t\t<\/div>\n\t\t\t\t\t<\/div>\n\t\t\t\t<\/div>\n\t\t<div class=\"elementor-element elementor-element-f4c6b8a e-flex e-con-boxed e-con e-parent\" data-id=\"f4c6b8a\" data-element_type=\"container\" data-e-type=\"container\">\n\t\t\t\t\t<div class=\"e-con-inner\">\n\t\t\t\t<div class=\"elementor-element elementor-element-cdac36a elementor-widget elementor-widget-text-editor\" data-id=\"cdac36a\" data-element_type=\"widget\" data-e-type=\"widget\" data-widget_type=\"text-editor.default\">\n\t\t\t\t\t\t\t\t\t<p><strong>Hauptsitz<\/strong><\/p><p>Eichenberger Gewinde AG<br \/>Grenzstrasse 30<br \/>CH-5736 Burg<br \/>Umsatzsteuer-Ident.: CHE-102.221.759<\/p><p><strong>Niederlassung<\/strong><\/p><p>Eichenberger Gewinde AG<br \/>Industriestrasse 11b<br \/>CH-6203 Sempach<\/p><p>\u00a0<\/p><p><strong>Hauptsitz<\/strong><\/p><p>Eichenberger Motion AG<br \/>Grenzstrasse 30<br \/>CH-5736 Burg<br \/>Umsatzsteuer-Ident.: CHE-110.482.173<\/p><p>Rechtsform: Aktiengesellschaft<br \/>Sitz: Burg AG<\/p><p><a class=\"icon iconweblink\" href=\"https:\/\/www.eichenberger.com\/?hsLang=de\">www.eichenberger.com<\/a>\u00a0ist ein Angebot der Eichenberger Gewinde AG<\/p><p>Wir bem\u00fchen uns, dieses Informationsangebot stetig zu erweitern und zu aktualisieren. Eine Garantie f\u00fcr die Vollst\u00e4ndigkeit, Richtigkeit und letzte Aktualit\u00e4t kann jedoch nicht \u00fcbernommen werden, weder f\u00fcr die vorliegende Website noch f\u00fcr solche, die via angegebenen Links zug\u00e4nglich sind.<\/p><p>Die Rechte f\u00fcr Gestaltung der Seiten sowie der Inhalte unter\u00a0<a class=\"icon iconweblink\" href=\"https:\/\/www.eichenberger.com\/?hsLang=de\">www.eichenberger.com<\/a>\u00a0liegen bei Eichenberger Gewinde AG.<\/p><p><strong>Herausgeber und Redaktion<\/strong><br \/>Eichenberger Gewinde AG<br \/>Grenzstrasse 30<br \/>CH-5736 Burg<br \/>Switzerland<br \/>Tel +41 (0) 62 765 10 10<br \/>Fax +41 (0) 62 765 10 55<br \/><a class=\"icon iconmail\" title=\"info@gewinde.ch\" href=\"mailto:info@eichenberger.com\" rel=\" noopener\">info@eichenberger.com<\/a><\/p><p><strong>Konzeption, Design und Umsetzung<\/strong><br \/>BEE INBOUND AG<br \/>Seefeldstrasse 231<br \/>CH-8008 Z\u00fcrich<br \/>Tel +41 43 336 90 00<br \/><span class=\"encoding_mail\"><a class=\"icon iconmail\" title=\"info@insyma.com\" href=\"mailto:info@bee-inbound.ch\" target=\"_blank\" rel=\"noopener\">info@bee-inbound.ch<\/a><br \/><a href=\"https:\/\/www.bee-inbound.ch\/\" target=\"_blank\" rel=\"noopener\">www.bee-inbound.ch<\/a><\/span><\/p>\t\t\t\t\t\t\t\t<\/div>\n\t\t\t\t\t<\/div>\n\t\t\t\t<\/div>\n\t\t\t\t<\/div>\n\t\t","protected":false},"excerpt":{"rendered":"<p>Impressum Rechtliche Hinweise Hauptsitz Eichenberger Gewinde AGGrenzstrasse 30CH-5736 BurgUmsatzsteuer-Ident.: CHE-102.221.759 Niederlassung Eichenberger Gewinde AGIndustriestrasse 11bCH-6203 Sempach \u00a0 Hauptsitz Eichenberger Motion AGGrenzstrasse 30CH-5736 BurgUmsatzsteuer-Ident.: CHE-110.482.173 Rechtsform: AktiengesellschaftSitz: Burg AG www.eichenberger.com\u00a0ist ein Angebot der Eichenberger Gewinde AG Wir bem\u00fchen uns, dieses Informationsangebot stetig zu erweitern und zu aktualisieren. Eine Garantie f\u00fcr die Vollst\u00e4ndigkeit, Richtigkeit und letzte Aktualit\u00e4t [&hellip;]<\/p>\n","protected":false},"author":7,"featured_media":0,"parent":0,"menu_order":0,"comment_status":"closed","ping_status":"closed","template":"","meta":{"_acf_changed":false,"_seopress_robots_primary_cat":"","_seopress_titles_title":"","_seopress_titles_desc":"","_seopress_robots_index":"","footnotes":""},"element":[16],"seitenkategorie":[],"class_list":["post-7578","page","type-page","status-publish","hentry","element-newsletter"],"acf":[],"_links":{"self":[{"href":"https:\/\/www.eichenberger.com\/de\/wp-json\/wp\/v2\/pages\/7578","targetHints":{"allow":["GET"]}}],"collection":[{"href":"https:\/\/www.eichenberger.com\/de\/wp-json\/wp\/v2\/pages"}],"about":[{"href":"https:\/\/www.eichenberger.com\/de\/wp-json\/wp\/v2\/types\/page"}],"author":[{"embeddable":true,"href":"https:\/\/www.eichenberger.com\/de\/wp-json\/wp\/v2\/users\/7"}],"replies":[{"embeddable":true,"href":"https:\/\/www.eichenberger.com\/de\/wp-json\/wp\/v2\/comments?post=7578"}],"version-history":[{"count":0,"href":"https:\/\/www.eichenberger.com\/de\/wp-json\/wp\/v2\/pages\/7578\/revisions"}],"wp:attachment":[{"href":"https:\/\/www.eichenberger.com\/de\/wp-json\/wp\/v2\/media?parent=7578"}],"wp:term":[{"taxonomy":"element","embeddable":true,"href":"https:\/\/www.eichenberger.com\/de\/wp-json\/wp\/v2\/element?post=7578"},{"taxonomy":"seitenkategorie","embeddable":true,"href":"https:\/\/www.eichenberger.com\/de\/wp-json\/wp\/v2\/seitenkategorie?post=7578"}],"curies":[{"name":"wp","href":"https:\/\/api.w.org\/{rel}","templated":true}]}}