{"id":4524,"date":"2025-04-12T07:39:49","date_gmt":"2025-04-12T05:39:49","guid":{"rendered":"https:\/\/eichenberger.staging2.net\/?page_id=4524"},"modified":"2025-04-14T11:40:02","modified_gmt":"2025-04-14T09:40:02","slug":"lebensdauer-steigern","status":"publish","type":"page","link":"https:\/\/www.eichenberger.com\/de\/ihr-ziel\/lebensdauer-steigern\/","title":{"rendered":"Lebensdauer verl\u00e4ngern"},"content":{"rendered":"\t\t<div data-elementor-type=\"wp-page\" data-elementor-id=\"4524\" class=\"elementor elementor-4524\" data-elementor-post-type=\"page\">\n\t\t\t\t<div class=\"elementor-element elementor-element-3dd2bc1 e-flex e-con-boxed e-con e-parent\" data-id=\"3dd2bc1\" data-element_type=\"container\" data-e-type=\"container\">\n\t\t\t\t\t<div class=\"e-con-inner\">\n\t\t<div class=\"elementor-element elementor-element-b1a7c1f e-con-full e-flex e-con e-child\" data-id=\"b1a7c1f\" data-element_type=\"container\" data-e-type=\"container\">\n\t\t\t\t<div class=\"elementor-element elementor-element-961dbeb elementor-widget elementor-widget-image\" data-id=\"961dbeb\" data-element_type=\"widget\" data-e-type=\"widget\" data-widget_type=\"image.default\">\n\t\t\t\t\t\t\t\t\t\t\t\t\t\t\t<img alt=\"\" fetchpriority=\"high\" decoding=\"async\" width=\"748\" height=\"600\" src=\"https:\/\/e9rum28pkjh.exactdn.com\/wp-content\/uploads\/2025\/04\/eich-key-visual-rakete-2-kombiniert.png?strip=all\" class=\"attachment-large size-large wp-image-5136\" alt=\"\" srcset=\"https:\/\/e9rum28pkjh.exactdn.com\/wp-content\/uploads\/2025\/04\/eich-key-visual-rakete-2-kombiniert.png?strip=all 748w, https:\/\/e9rum28pkjh.exactdn.com\/wp-content\/uploads\/2025\/04\/eich-key-visual-rakete-2-kombiniert.png?strip=all&amp;w=149 149w, https:\/\/e9rum28pkjh.exactdn.com\/wp-content\/uploads\/2025\/04\/eich-key-visual-rakete-2-kombiniert.png?strip=all&amp;w=299 299w, https:\/\/e9rum28pkjh.exactdn.com\/wp-content\/uploads\/2025\/04\/eich-key-visual-rakete-2-kombiniert.png?strip=all&amp;w=448 448w, https:\/\/e9rum28pkjh.exactdn.com\/wp-content\/uploads\/2025\/04\/eich-key-visual-rakete-2-kombiniert.png?strip=all&amp;w=598 598w\" sizes=\"(max-width: 748px) 100vw, 748px\" \/>\t\t\t\t\t\t\t\t\t\t\t\t\t\t\t<\/div>\n\t\t\t\t<\/div>\n\t\t<div class=\"elementor-element elementor-element-e15968d e-con-full e-flex e-con e-child\" data-id=\"e15968d\" data-element_type=\"container\" data-e-type=\"container\">\n\t\t\t\t<div class=\"elementor-element elementor-element-88d7487 elementor-widget elementor-widget-heading\" data-id=\"88d7487\" data-element_type=\"widget\" data-e-type=\"widget\" data-widget_type=\"heading.default\">\n\t\t\t\t\t<h2 class=\"elementor-heading-title elementor-size-default\">Lebensdauer verl\u00e4ngern<\/h2>\t\t\t\t<\/div>\n\t\t\t\t<div class=\"elementor-element elementor-element-8aa3005 elementor-widget elementor-widget-heading\" data-id=\"8aa3005\" data-element_type=\"widget\" data-e-type=\"widget\" data-widget_type=\"heading.default\">\n\t\t\t\t\t<h2 class=\"elementor-heading-title elementor-size-default\">Die perfekte Bewegung - Ihre Basis f\u00fcr einen langen Lebenszyklus und eine starke Wettbewerbsposition<\/h2>\t\t\t\t<\/div>\n\t\t\t\t<\/div>\n\t\t\t\t\t<\/div>\n\t\t\t\t<\/div>\n\t\t<div class=\"elementor-element elementor-element-6b772bb e-flex e-con-boxed e-con e-parent\" data-id=\"6b772bb\" data-element_type=\"container\" data-e-type=\"container\">\n\t\t\t\t\t<div class=\"e-con-inner\">\n\t\t\t\t<div class=\"elementor-element elementor-element-762263b elementor-widget elementor-widget-text-editor\" data-id=\"762263b\" data-element_type=\"widget\" data-e-type=\"widget\" data-widget_type=\"text-editor.default\">\n\t\t\t\t\t\t\t\t\t<p>In allen Bereichen, die f\u00fcr die Lebensdauer eines Gewindetriebs massgeblich sind, gew\u00e4hrleistet Eichenberger eine ausserordentliche Qualit\u00e4t. Dies beginnt bereits bei der Entwicklung und Massfertigung der optimalen Gewindegeometrie f\u00fcr Ihre spezielle Anwendung. Eine sorgf\u00e4ltige Materialauswahl und moderne Herstellungsverfahren ergeben robuste, verschleissfreie Produkte mit hohem Wirkungsgrad, die \u00fcber einen langen Lebenszyklus hinweg eine hohe Wertbest\u00e4ndigkeit bieten. Ihre Produkte und L\u00f6sungen werden dadurch noch wettbewerbsf\u00e4higer.<\/p>\t\t\t\t\t\t\t\t<\/div>\n\t\t\t\t\t<\/div>\n\t\t\t\t<\/div>\n\t\t<div class=\"elementor-element elementor-element-25c132d6 e-flex e-con-boxed e-con e-parent\" data-id=\"25c132d6\" data-element_type=\"container\" data-e-type=\"container\">\n\t\t\t\t\t<div class=\"e-con-inner\">\n\t\t\t\t<div class=\"elementor-element elementor-element-5e8a2a8 elementor-widget elementor-widget-heading\" data-id=\"5e8a2a8\" data-element_type=\"widget\" data-e-type=\"widget\" data-widget_type=\"heading.default\">\n\t\t\t\t\t<h1 class=\"elementor-heading-title elementor-size-default\">So verl\u00e4ngern Sie die Lebensdauer mit Eichenberger<\/h1>\t\t\t\t<\/div>\n\t\t<div class=\"elementor-element elementor-element-f38b897 e-con-full e-flex e-con e-child\" data-id=\"f38b897\" data-element_type=\"container\" data-e-type=\"container\">\n\t\t<div class=\"elementor-element elementor-element-e903e79 e-con-full e-flex e-con e-child\" data-id=\"e903e79\" data-element_type=\"container\" data-e-type=\"container\">\n\t\t\t\t<div class=\"elementor-element elementor-element-93ff52b elementor-flip-box--effect-fade e-transform elementor-widget elementor-widget-flip-box\" data-id=\"93ff52b\" data-element_type=\"widget\" data-e-type=\"widget\" data-settings=\"{&quot;_transform_scale_effect_hover&quot;:{&quot;unit&quot;:&quot;px&quot;,&quot;size&quot;:1.0500000000000000444089209850062616169452667236328125,&quot;sizes&quot;:[]},&quot;_transform_scale_effect_hover_laptop&quot;:{&quot;unit&quot;:&quot;px&quot;,&quot;size&quot;:&quot;&quot;,&quot;sizes&quot;:[]},&quot;_transform_scale_effect_hover_tablet&quot;:{&quot;unit&quot;:&quot;px&quot;,&quot;size&quot;:&quot;&quot;,&quot;sizes&quot;:[]},&quot;_transform_scale_effect_hover_mobile&quot;:{&quot;unit&quot;:&quot;px&quot;,&quot;size&quot;:&quot;&quot;,&quot;sizes&quot;:[]}}\" data-widget_type=\"flip-box.default\">\n\t\t\t\t\t\t\t<div class=\"elementor-flip-box\" tabindex=\"0\">\n\t\t\t<div class=\"elementor-flip-box__layer elementor-flip-box__front\">\n\t\t\t\t<div class=\"elementor-flip-box__layer__overlay\">\n\t\t\t\t\t<div class=\"elementor-flip-box__layer__inner\">\n\t\t\t\t\t\t\n\t\t\t\t\t\t\t\t\t\t\t\t\t<div class=\"elementor-flip-box__layer__title\">\n\t\t\t\t\t\t\t\tHerstellverfahren\t\t\t\t\t\t\t<\/div>\n\t\t\t\t\t\t\n\t\t\t\t\t\t\t\t\t\t\t<\/div>\n\t\t\t\t<\/div>\n\t\t\t<\/div>\n\t\t\t<div class=\"elementor-flip-box__layer elementor-flip-box__back\">\n\t\t\t<div class=\"elementor-flip-box__layer__overlay\">\n\t\t\t\t<div class=\"elementor-flip-box__layer__inner\">\n\t\t\t\t\t\t\t\t\t\t\t<div class=\"elementor-flip-box__layer__title\">\n\t\t\t\t\t\t\tHerstellverfahren\t\t\t\t\t\t<\/div>\n\t\t\t\t\t\n\t\t\t\t\t\t\t\t\t\t\t<div class=\"elementor-flip-box__layer__description\">\n\t\t\t\t\t\t\tDie Kaltumformung ergibt eine enorm hohe\nFestigkeit und sehr feine Oberfl\u00e4chen -\nReibung, Abrieb und Verschleiss werden\nminimiert. Die Oberfl\u00e4che bietet keine\nAngriffsm\u00f6glichkeit f\u00fcr Verschmutzung.\t\t\t\t\t\t<\/div>\n\t\t\t\t\t\n\t\t\t\t\t\t\t\t<\/div>\n\t\t<\/div>\n\t\t<\/div>\n\t\t<\/div>\n\t\t\t\t\t\t<\/div>\n\t\t\t\t<\/div>\n\t\t<div class=\"elementor-element elementor-element-42d1591 e-con-full e-flex e-con e-child\" data-id=\"42d1591\" data-element_type=\"container\" data-e-type=\"container\">\n\t\t\t\t<div class=\"elementor-element elementor-element-cc8bcff elementor-flip-box--effect-fade e-transform elementor-widget elementor-widget-flip-box\" data-id=\"cc8bcff\" data-element_type=\"widget\" data-e-type=\"widget\" data-settings=\"{&quot;_transform_scale_effect_hover&quot;:{&quot;unit&quot;:&quot;px&quot;,&quot;size&quot;:1.0500000000000000444089209850062616169452667236328125,&quot;sizes&quot;:[]},&quot;_transform_scale_effect_hover_laptop&quot;:{&quot;unit&quot;:&quot;px&quot;,&quot;size&quot;:&quot;&quot;,&quot;sizes&quot;:[]},&quot;_transform_scale_effect_hover_tablet&quot;:{&quot;unit&quot;:&quot;px&quot;,&quot;size&quot;:&quot;&quot;,&quot;sizes&quot;:[]},&quot;_transform_scale_effect_hover_mobile&quot;:{&quot;unit&quot;:&quot;px&quot;,&quot;size&quot;:&quot;&quot;,&quot;sizes&quot;:[]}}\" data-widget_type=\"flip-box.default\">\n\t\t\t\t\t\t\t<div class=\"elementor-flip-box\" tabindex=\"0\">\n\t\t\t<div class=\"elementor-flip-box__layer elementor-flip-box__front\">\n\t\t\t\t<div class=\"elementor-flip-box__layer__overlay\">\n\t\t\t\t\t<div class=\"elementor-flip-box__layer__inner\">\n\t\t\t\t\t\t\n\t\t\t\t\t\t\t\t\t\t\t\t\t<div class=\"elementor-flip-box__layer__title\">\n\t\t\t\t\t\t\t\tMaterial\t\t\t\t\t\t\t<\/div>\n\t\t\t\t\t\t\n\t\t\t\t\t\t\t\t\t\t\t<\/div>\n\t\t\t\t<\/div>\n\t\t\t<\/div>\n\t\t\t<div class=\"elementor-flip-box__layer elementor-flip-box__back\">\n\t\t\t<div class=\"elementor-flip-box__layer__overlay\">\n\t\t\t\t<div class=\"elementor-flip-box__layer__inner\">\n\t\t\t\t\t\t\t\t\t\t\t<div class=\"elementor-flip-box__layer__title\">\n\t\t\t\t\t\t\tMaterial\t\t\t\t\t\t<\/div>\n\t\t\t\t\t\n\t\t\t\t\t\t\t\t\t\t\t<div class=\"elementor-flip-box__layer__description\">\n\t\t\t\t\t\t\tDie Materialwahl treffen wir individuell und\npassgenau f\u00fcr Ihr Produkt. Durch eng mit den\nHerstellern abgestimmte metallurgische und\ntribologische Eigenschaften erreichen wir eine\nunerwartet hohe Lebensdauer.\t\t\t\t\t\t<\/div>\n\t\t\t\t\t\n\t\t\t\t\t\t\t\t<\/div>\n\t\t<\/div>\n\t\t<\/div>\n\t\t<\/div>\n\t\t\t\t\t\t<\/div>\n\t\t\t\t<\/div>\n\t\t<div class=\"elementor-element elementor-element-819a7dd e-con-full e-flex e-con e-child\" data-id=\"819a7dd\" data-element_type=\"container\" data-e-type=\"container\">\n\t\t\t\t<div class=\"elementor-element elementor-element-a25b0ba elementor-flip-box--effect-fade e-transform elementor-widget elementor-widget-flip-box\" data-id=\"a25b0ba\" data-element_type=\"widget\" data-e-type=\"widget\" data-settings=\"{&quot;_transform_scale_effect_hover&quot;:{&quot;unit&quot;:&quot;px&quot;,&quot;size&quot;:1.0500000000000000444089209850062616169452667236328125,&quot;sizes&quot;:[]},&quot;_transform_scale_effect_hover_laptop&quot;:{&quot;unit&quot;:&quot;px&quot;,&quot;size&quot;:&quot;&quot;,&quot;sizes&quot;:[]},&quot;_transform_scale_effect_hover_tablet&quot;:{&quot;unit&quot;:&quot;px&quot;,&quot;size&quot;:&quot;&quot;,&quot;sizes&quot;:[]},&quot;_transform_scale_effect_hover_mobile&quot;:{&quot;unit&quot;:&quot;px&quot;,&quot;size&quot;:&quot;&quot;,&quot;sizes&quot;:[]}}\" data-widget_type=\"flip-box.default\">\n\t\t\t\t\t\t\t<div class=\"elementor-flip-box\" tabindex=\"0\">\n\t\t\t<div class=\"elementor-flip-box__layer elementor-flip-box__front\">\n\t\t\t\t<div class=\"elementor-flip-box__layer__overlay\">\n\t\t\t\t\t<div class=\"elementor-flip-box__layer__inner\">\n\t\t\t\t\t\t\n\t\t\t\t\t\t\t\t\t\t\t\t\t<div class=\"elementor-flip-box__layer__title\">\n\t\t\t\t\t\t\t\tGewindegeometrie\t\t\t\t\t\t\t<\/div>\n\t\t\t\t\t\t\n\t\t\t\t\t\t\t\t\t\t\t<\/div>\n\t\t\t\t<\/div>\n\t\t\t<\/div>\n\t\t\t<div class=\"elementor-flip-box__layer elementor-flip-box__back\">\n\t\t\t<div class=\"elementor-flip-box__layer__overlay\">\n\t\t\t\t<div class=\"elementor-flip-box__layer__inner\">\n\t\t\t\t\t\t\t\t\t\t\t<div class=\"elementor-flip-box__layer__title\">\n\t\t\t\t\t\t\tGewindegeometrie\t\t\t\t\t\t<\/div>\n\t\t\t\t\t\n\t\t\t\t\t\t\t\t\t\t\t<div class=\"elementor-flip-box__layer__description\">\n\t\t\t\t\t\t\tDurch die inhouse hergestellten\nProduktionswerkzeuge sind wir flexibel bei der\nGewindegeometrie. Die perfekte Gewindeform\nmacht die Gewindetriebe besonders langlebig\nund leistungsf\u00e4hig.\t\t\t\t\t\t<\/div>\n\t\t\t\t\t\n\t\t\t\t\t\t\t\t<\/div>\n\t\t<\/div>\n\t\t<\/div>\n\t\t<\/div>\n\t\t\t\t\t\t<\/div>\n\t\t\t\t<\/div>\n\t\t\t\t<\/div>\n\t\t\t\t\t<\/div>\n\t\t\t\t<\/div>\n\t\t\t\t<\/div>\n\t\t","protected":false},"excerpt":{"rendered":"<p>Lebensdauer verl\u00e4ngern Die perfekte Bewegung &#8211; Ihre Basis f\u00fcr einen langen Lebenszyklus und eine starke Wettbewerbsposition In allen Bereichen, die f\u00fcr die Lebensdauer eines Gewindetriebs massgeblich sind, gew\u00e4hrleistet Eichenberger eine ausserordentliche Qualit\u00e4t. Dies beginnt bereits bei der Entwicklung und Massfertigung der optimalen Gewindegeometrie f\u00fcr Ihre spezielle Anwendung. Eine sorgf\u00e4ltige Materialauswahl und moderne Herstellungsverfahren ergeben robuste, [&hellip;]<\/p>\n","protected":false},"author":2,"featured_media":0,"parent":4110,"menu_order":0,"comment_status":"closed","ping_status":"closed","template":"","meta":{"_acf_changed":false,"_seopress_robots_primary_cat":"","_seopress_titles_title":"","_seopress_titles_desc":"","_seopress_robots_index":"","footnotes":""},"element":[15,13,16,21,18],"seitenkategorie":[],"class_list":["post-4524","page","type-page","status-publish","hentry","element-blog","element-logo-slider","element-newsletter","element-services","element-fuer-sie-bewegen"],"acf":[],"_links":{"self":[{"href":"https:\/\/www.eichenberger.com\/de\/wp-json\/wp\/v2\/pages\/4524","targetHints":{"allow":["GET"]}}],"collection":[{"href":"https:\/\/www.eichenberger.com\/de\/wp-json\/wp\/v2\/pages"}],"about":[{"href":"https:\/\/www.eichenberger.com\/de\/wp-json\/wp\/v2\/types\/page"}],"author":[{"embeddable":true,"href":"https:\/\/www.eichenberger.com\/de\/wp-json\/wp\/v2\/users\/2"}],"replies":[{"embeddable":true,"href":"https:\/\/www.eichenberger.com\/de\/wp-json\/wp\/v2\/comments?post=4524"}],"version-history":[{"count":0,"href":"https:\/\/www.eichenberger.com\/de\/wp-json\/wp\/v2\/pages\/4524\/revisions"}],"up":[{"embeddable":true,"href":"https:\/\/www.eichenberger.com\/de\/wp-json\/wp\/v2\/pages\/4110"}],"wp:attachment":[{"href":"https:\/\/www.eichenberger.com\/de\/wp-json\/wp\/v2\/media?parent=4524"}],"wp:term":[{"taxonomy":"element","embeddable":true,"href":"https:\/\/www.eichenberger.com\/de\/wp-json\/wp\/v2\/element?post=4524"},{"taxonomy":"seitenkategorie","embeddable":true,"href":"https:\/\/www.eichenberger.com\/de\/wp-json\/wp\/v2\/seitenkategorie?post=4524"}],"curies":[{"name":"wp","href":"https:\/\/api.w.org\/{rel}","templated":true}]}}