{"id":4519,"date":"2025-04-12T07:39:10","date_gmt":"2025-04-12T05:39:10","guid":{"rendered":"https:\/\/eichenberger.staging2.net\/?page_id=4519"},"modified":"2025-04-14T11:39:52","modified_gmt":"2025-04-14T09:39:52","slug":"kosten-senken","status":"publish","type":"page","link":"https:\/\/www.eichenberger.com\/de\/ihr-ziel\/kosten-senken\/","title":{"rendered":"Kosten senken"},"content":{"rendered":"\t\t<div data-elementor-type=\"wp-page\" data-elementor-id=\"4519\" class=\"elementor elementor-4519\" data-elementor-post-type=\"page\">\n\t\t\t\t<div class=\"elementor-element elementor-element-3dd2bc1 e-flex e-con-boxed e-con e-parent\" data-id=\"3dd2bc1\" data-element_type=\"container\" data-e-type=\"container\">\n\t\t\t\t\t<div class=\"e-con-inner\">\n\t\t<div class=\"elementor-element elementor-element-b1a7c1f e-con-full e-flex e-con e-child\" data-id=\"b1a7c1f\" data-element_type=\"container\" data-e-type=\"container\">\n\t\t\t\t<div class=\"elementor-element elementor-element-961dbeb elementor-widget elementor-widget-image\" data-id=\"961dbeb\" data-element_type=\"widget\" data-e-type=\"widget\" data-widget_type=\"image.default\">\n\t\t\t\t\t\t\t\t\t\t\t\t\t\t\t<img alt=\"\" fetchpriority=\"high\" decoding=\"async\" width=\"747\" height=\"600\" src=\"https:\/\/e9rum28pkjh.exactdn.com\/wp-content\/uploads\/2025\/04\/eich-key-visual-roboter-kombiniert.webp?strip=all\" class=\"attachment-large size-large wp-image-5111\" alt=\"\" srcset=\"https:\/\/e9rum28pkjh.exactdn.com\/wp-content\/uploads\/2025\/04\/eich-key-visual-roboter-kombiniert.webp?strip=all 747w, https:\/\/e9rum28pkjh.exactdn.com\/wp-content\/uploads\/2025\/04\/eich-key-visual-roboter-kombiniert.webp?strip=all&amp;w=149 149w, https:\/\/e9rum28pkjh.exactdn.com\/wp-content\/uploads\/2025\/04\/eich-key-visual-roboter-kombiniert.webp?strip=all&amp;w=298 298w, https:\/\/e9rum28pkjh.exactdn.com\/wp-content\/uploads\/2025\/04\/eich-key-visual-roboter-kombiniert.webp?strip=all&amp;w=448 448w, https:\/\/e9rum28pkjh.exactdn.com\/wp-content\/uploads\/2025\/04\/eich-key-visual-roboter-kombiniert.webp?strip=all&amp;w=597 597w\" sizes=\"(max-width: 747px) 100vw, 747px\" \/>\t\t\t\t\t\t\t\t\t\t\t\t\t\t\t<\/div>\n\t\t\t\t<\/div>\n\t\t<div class=\"elementor-element elementor-element-e15968d e-con-full e-flex e-con e-child\" data-id=\"e15968d\" data-element_type=\"container\" data-e-type=\"container\">\n\t\t\t\t<div class=\"elementor-element elementor-element-88d7487 elementor-widget elementor-widget-heading\" data-id=\"88d7487\" data-element_type=\"widget\" data-e-type=\"widget\" data-widget_type=\"heading.default\">\n\t\t\t\t\t<h2 class=\"elementor-heading-title elementor-size-default\">Kosten senken<\/h2>\t\t\t\t<\/div>\n\t\t\t\t<div class=\"elementor-element elementor-element-8aa3005 elementor-widget elementor-widget-heading\" data-id=\"8aa3005\" data-element_type=\"widget\" data-e-type=\"widget\" data-widget_type=\"heading.default\">\n\t\t\t\t\t<h2 class=\"elementor-heading-title elementor-size-default\">Qualit\u00e4t zahlt sich aus: Senken Sie Ihre Kosten durch\nleistungsf\u00e4hige und langlebige Gewindetriebe<\/h2>\t\t\t\t<\/div>\n\t\t\t\t<\/div>\n\t\t\t\t\t<\/div>\n\t\t\t\t<\/div>\n\t\t<div class=\"elementor-element elementor-element-6b772bb e-flex e-con-boxed e-con e-parent\" data-id=\"6b772bb\" data-element_type=\"container\" data-e-type=\"container\">\n\t\t\t\t\t<div class=\"e-con-inner\">\n\t\t\t\t<div class=\"elementor-element elementor-element-762263b elementor-widget elementor-widget-text-editor\" data-id=\"762263b\" data-element_type=\"widget\" data-e-type=\"widget\" data-widget_type=\"text-editor.default\">\n\t\t\t\t\t\t\t\t\t<p>Zahlreiche Faktoren und Produkteigenschaften erm\u00f6glichen die Senkung der Gesamtkosten f\u00fcr Ihre Antriebsl\u00f6sung. Die Herstellung der Spindeln durch Kaltumformung und die Wahl des geeigneten Materials garantieren eine robuste Qualit\u00e4t. Eichenberger Produkte arbeiten verschleissarm, sicher und zuverl\u00e4ssig &#8211; \u00fcber einen sehr langen Zeitraum hinweg. Wartungsaufwand und Ausfallzeiten sind \u00e4usserst gering. Wir entwerfen die optimale Schnittstelle zu Ihrer Antriebsl\u00f6sung und vermeiden somit zus\u00e4tzliche Kosten f\u00fcr die Integration in Ihr Produkt.<\/p>\t\t\t\t\t\t\t\t<\/div>\n\t\t\t\t\t<\/div>\n\t\t\t\t<\/div>\n\t\t<div class=\"elementor-element elementor-element-25c132d6 e-flex e-con-boxed e-con e-parent\" data-id=\"25c132d6\" data-element_type=\"container\" data-e-type=\"container\">\n\t\t\t\t\t<div class=\"e-con-inner\">\n\t\t\t\t<div class=\"elementor-element elementor-element-5e8a2a8 elementor-widget elementor-widget-heading\" data-id=\"5e8a2a8\" data-element_type=\"widget\" data-e-type=\"widget\" data-widget_type=\"heading.default\">\n\t\t\t\t\t<h1 class=\"elementor-heading-title elementor-size-default\">So senken Sie die Kosten mit Eichenberger<\/h1>\t\t\t\t<\/div>\n\t\t<div class=\"elementor-element elementor-element-f38b897 e-con-full e-flex e-con e-child\" data-id=\"f38b897\" data-element_type=\"container\" data-e-type=\"container\">\n\t\t<div class=\"elementor-element elementor-element-e903e79 e-con-full e-flex e-con e-child\" data-id=\"e903e79\" data-element_type=\"container\" data-e-type=\"container\">\n\t\t\t\t<div class=\"elementor-element elementor-element-93ff52b elementor-flip-box--effect-fade e-transform elementor-widget elementor-widget-flip-box\" data-id=\"93ff52b\" data-element_type=\"widget\" data-e-type=\"widget\" data-settings=\"{&quot;_transform_scale_effect_hover&quot;:{&quot;unit&quot;:&quot;px&quot;,&quot;size&quot;:1.0500000000000000444089209850062616169452667236328125,&quot;sizes&quot;:[]},&quot;_transform_scale_effect_hover_laptop&quot;:{&quot;unit&quot;:&quot;px&quot;,&quot;size&quot;:&quot;&quot;,&quot;sizes&quot;:[]},&quot;_transform_scale_effect_hover_tablet&quot;:{&quot;unit&quot;:&quot;px&quot;,&quot;size&quot;:&quot;&quot;,&quot;sizes&quot;:[]},&quot;_transform_scale_effect_hover_mobile&quot;:{&quot;unit&quot;:&quot;px&quot;,&quot;size&quot;:&quot;&quot;,&quot;sizes&quot;:[]}}\" data-widget_type=\"flip-box.default\">\n\t\t\t\t\t\t\t<div class=\"elementor-flip-box\" tabindex=\"0\">\n\t\t\t<div class=\"elementor-flip-box__layer elementor-flip-box__front\">\n\t\t\t\t<div class=\"elementor-flip-box__layer__overlay\">\n\t\t\t\t\t<div class=\"elementor-flip-box__layer__inner\">\n\t\t\t\t\t\t\n\t\t\t\t\t\t\t\t\t\t\t\t\t<div class=\"elementor-flip-box__layer__title\">\n\t\t\t\t\t\t\t\tGewindetrieb-Interface\t\t\t\t\t\t\t<\/div>\n\t\t\t\t\t\t\n\t\t\t\t\t\t\t\t\t\t\t<\/div>\n\t\t\t\t<\/div>\n\t\t\t<\/div>\n\t\t\t<div class=\"elementor-flip-box__layer elementor-flip-box__back\">\n\t\t\t<div class=\"elementor-flip-box__layer__overlay\">\n\t\t\t\t<div class=\"elementor-flip-box__layer__inner\">\n\t\t\t\t\t\t\t\t\t\t\t<div class=\"elementor-flip-box__layer__title\">\n\t\t\t\t\t\t\tGewindetrieb-Interface\t\t\t\t\t\t<\/div>\n\t\t\t\t\t\n\t\t\t\t\t\t\t\t\t\t\t<div class=\"elementor-flip-box__layer__description\">\n\t\t\t\t\t\t\tDurch die Wahl des optimalen Kugelr\u00fcckf\u00fchrsystems nutzen wir den zur Verf\u00fcgung stehenden Bauraum optimal aus und sparen Platz. H\u00e4ufig bauen wir noch kleiner, als Sie es erwarten.\t\t\t\t\t\t<\/div>\n\t\t\t\t\t\n\t\t\t\t\t\t\t\t<\/div>\n\t\t<\/div>\n\t\t<\/div>\n\t\t<\/div>\n\t\t\t\t\t\t<\/div>\n\t\t\t\t<\/div>\n\t\t<div class=\"elementor-element elementor-element-42d1591 e-con-full e-flex e-con e-child\" data-id=\"42d1591\" data-element_type=\"container\" data-e-type=\"container\">\n\t\t\t\t<div class=\"elementor-element elementor-element-cc8bcff elementor-flip-box--effect-fade e-transform elementor-widget elementor-widget-flip-box\" data-id=\"cc8bcff\" data-element_type=\"widget\" data-e-type=\"widget\" data-settings=\"{&quot;_transform_scale_effect_hover&quot;:{&quot;unit&quot;:&quot;px&quot;,&quot;size&quot;:1.0500000000000000444089209850062616169452667236328125,&quot;sizes&quot;:[]},&quot;_transform_scale_effect_hover_laptop&quot;:{&quot;unit&quot;:&quot;px&quot;,&quot;size&quot;:&quot;&quot;,&quot;sizes&quot;:[]},&quot;_transform_scale_effect_hover_tablet&quot;:{&quot;unit&quot;:&quot;px&quot;,&quot;size&quot;:&quot;&quot;,&quot;sizes&quot;:[]},&quot;_transform_scale_effect_hover_mobile&quot;:{&quot;unit&quot;:&quot;px&quot;,&quot;size&quot;:&quot;&quot;,&quot;sizes&quot;:[]}}\" data-widget_type=\"flip-box.default\">\n\t\t\t\t\t\t\t<div class=\"elementor-flip-box\" tabindex=\"0\">\n\t\t\t<div class=\"elementor-flip-box__layer elementor-flip-box__front\">\n\t\t\t\t<div class=\"elementor-flip-box__layer__overlay\">\n\t\t\t\t\t<div class=\"elementor-flip-box__layer__inner\">\n\t\t\t\t\t\t\n\t\t\t\t\t\t\t\t\t\t\t\t\t<div class=\"elementor-flip-box__layer__title\">\n\t\t\t\t\t\t\t\tSchweizer Qualit\u00e4t\t\t\t\t\t\t\t<\/div>\n\t\t\t\t\t\t\n\t\t\t\t\t\t\t\t\t\t\t<\/div>\n\t\t\t\t<\/div>\n\t\t\t<\/div>\n\t\t\t<div class=\"elementor-flip-box__layer elementor-flip-box__back\">\n\t\t\t<div class=\"elementor-flip-box__layer__overlay\">\n\t\t\t\t<div class=\"elementor-flip-box__layer__inner\">\n\t\t\t\t\t\t\t\t\t\t\t<div class=\"elementor-flip-box__layer__title\">\n\t\t\t\t\t\t\tSchweizer Qualit\u00e4t\t\t\t\t\t\t<\/div>\n\t\t\t\t\t\n\t\t\t\t\t\t\t\t\t\t\t<div class=\"elementor-flip-box__layer__description\">\n\t\t\t\t\t\t\tEichenberger Produkte stehen f\u00fcr hohe\nPr\u00e4zision und Dynamik. Entwicklung und\nHerstellung erfolgen inhouse. So entstehen\naussergew\u00f6hnlich leistungsstarke\nQualit\u00e4tsprodukte zum attraktiven Preis.\t\t\t\t\t\t<\/div>\n\t\t\t\t\t\n\t\t\t\t\t\t\t\t<\/div>\n\t\t<\/div>\n\t\t<\/div>\n\t\t<\/div>\n\t\t\t\t\t\t<\/div>\n\t\t\t\t<\/div>\n\t\t<div class=\"elementor-element elementor-element-819a7dd e-con-full e-flex e-con e-child\" data-id=\"819a7dd\" data-element_type=\"container\" data-e-type=\"container\">\n\t\t\t\t<div class=\"elementor-element elementor-element-a25b0ba elementor-flip-box--effect-fade e-transform elementor-widget elementor-widget-flip-box\" data-id=\"a25b0ba\" data-element_type=\"widget\" data-e-type=\"widget\" data-settings=\"{&quot;_transform_scale_effect_hover&quot;:{&quot;unit&quot;:&quot;px&quot;,&quot;size&quot;:1.0500000000000000444089209850062616169452667236328125,&quot;sizes&quot;:[]},&quot;_transform_scale_effect_hover_laptop&quot;:{&quot;unit&quot;:&quot;px&quot;,&quot;size&quot;:&quot;&quot;,&quot;sizes&quot;:[]},&quot;_transform_scale_effect_hover_tablet&quot;:{&quot;unit&quot;:&quot;px&quot;,&quot;size&quot;:&quot;&quot;,&quot;sizes&quot;:[]},&quot;_transform_scale_effect_hover_mobile&quot;:{&quot;unit&quot;:&quot;px&quot;,&quot;size&quot;:&quot;&quot;,&quot;sizes&quot;:[]}}\" data-widget_type=\"flip-box.default\">\n\t\t\t\t\t\t\t<div class=\"elementor-flip-box\" tabindex=\"0\">\n\t\t\t<div class=\"elementor-flip-box__layer elementor-flip-box__front\">\n\t\t\t\t<div class=\"elementor-flip-box__layer__overlay\">\n\t\t\t\t\t<div class=\"elementor-flip-box__layer__inner\">\n\t\t\t\t\t\t\n\t\t\t\t\t\t\t\t\t\t\t\t\t<div class=\"elementor-flip-box__layer__title\">\n\t\t\t\t\t\t\t\tWartungsfreiheit\t\t\t\t\t\t\t<\/div>\n\t\t\t\t\t\t\n\t\t\t\t\t\t\t\t\t\t\t<\/div>\n\t\t\t\t<\/div>\n\t\t\t<\/div>\n\t\t\t<div class=\"elementor-flip-box__layer elementor-flip-box__back\">\n\t\t\t<div class=\"elementor-flip-box__layer__overlay\">\n\t\t\t\t<div class=\"elementor-flip-box__layer__inner\">\n\t\t\t\t\t\t\t\t\t\t\t<div class=\"elementor-flip-box__layer__title\">\n\t\t\t\t\t\t\tWartungsfreiheit\t\t\t\t\t\t<\/div>\n\t\t\t\t\t\n\t\t\t\t\t\t\t\t\t\t\t<div class=\"elementor-flip-box__layer__description\">\n\t\t\t\t\t\t\tEichenberger Gewindetriebe sind \u00e4usserst\nverschleissarm, wodurch eine unerwartet lange Lebensdauer gew\u00e4hrleistet ist - bei minimalen Wartungskosten. Einbussen durch Ausfallzeiten werden ebenfalls auf ein Minimum reduziert.\t\t\t\t\t\t<\/div>\n\t\t\t\t\t\n\t\t\t\t\t\t\t\t<\/div>\n\t\t<\/div>\n\t\t<\/div>\n\t\t<\/div>\n\t\t\t\t\t\t<\/div>\n\t\t\t\t<\/div>\n\t\t\t\t<\/div>\n\t\t\t\t\t<\/div>\n\t\t\t\t<\/div>\n\t\t\t\t<\/div>\n\t\t","protected":false},"excerpt":{"rendered":"<p>Kosten senken Qualit\u00e4t zahlt sich aus: Senken Sie Ihre Kosten durch leistungsf\u00e4hige und langlebige Gewindetriebe Zahlreiche Faktoren und Produkteigenschaften erm\u00f6glichen die Senkung der Gesamtkosten f\u00fcr Ihre Antriebsl\u00f6sung. Die Herstellung der Spindeln durch Kaltumformung und die Wahl des geeigneten Materials garantieren eine robuste Qualit\u00e4t. Eichenberger Produkte arbeiten verschleissarm, sicher und zuverl\u00e4ssig &#8211; \u00fcber einen sehr langen [&hellip;]<\/p>\n","protected":false},"author":2,"featured_media":0,"parent":4110,"menu_order":0,"comment_status":"closed","ping_status":"closed","template":"","meta":{"_acf_changed":false,"_seopress_robots_primary_cat":"","_seopress_titles_title":"","_seopress_titles_desc":"","_seopress_robots_index":"","footnotes":""},"element":[15,13,16,21,18],"seitenkategorie":[],"class_list":["post-4519","page","type-page","status-publish","hentry","element-blog","element-logo-slider","element-newsletter","element-services","element-fuer-sie-bewegen"],"acf":[],"_links":{"self":[{"href":"https:\/\/www.eichenberger.com\/de\/wp-json\/wp\/v2\/pages\/4519","targetHints":{"allow":["GET"]}}],"collection":[{"href":"https:\/\/www.eichenberger.com\/de\/wp-json\/wp\/v2\/pages"}],"about":[{"href":"https:\/\/www.eichenberger.com\/de\/wp-json\/wp\/v2\/types\/page"}],"author":[{"embeddable":true,"href":"https:\/\/www.eichenberger.com\/de\/wp-json\/wp\/v2\/users\/2"}],"replies":[{"embeddable":true,"href":"https:\/\/www.eichenberger.com\/de\/wp-json\/wp\/v2\/comments?post=4519"}],"version-history":[{"count":0,"href":"https:\/\/www.eichenberger.com\/de\/wp-json\/wp\/v2\/pages\/4519\/revisions"}],"up":[{"embeddable":true,"href":"https:\/\/www.eichenberger.com\/de\/wp-json\/wp\/v2\/pages\/4110"}],"wp:attachment":[{"href":"https:\/\/www.eichenberger.com\/de\/wp-json\/wp\/v2\/media?parent=4519"}],"wp:term":[{"taxonomy":"element","embeddable":true,"href":"https:\/\/www.eichenberger.com\/de\/wp-json\/wp\/v2\/element?post=4519"},{"taxonomy":"seitenkategorie","embeddable":true,"href":"https:\/\/www.eichenberger.com\/de\/wp-json\/wp\/v2\/seitenkategorie?post=4519"}],"curies":[{"name":"wp","href":"https:\/\/api.w.org\/{rel}","templated":true}]}}