{"id":4503,"date":"2025-04-12T07:36:07","date_gmt":"2025-04-12T05:36:07","guid":{"rendered":"https:\/\/eichenberger.staging2.net\/?page_id=4503"},"modified":"2025-04-14T11:39:23","modified_gmt":"2025-04-14T09:39:23","slug":"dynamik-erhoehen","status":"publish","type":"page","link":"https:\/\/www.eichenberger.com\/de\/ihr-ziel\/dynamik-erhoehen\/","title":{"rendered":"Dynamik erh\u00f6hen"},"content":{"rendered":"\t\t<div data-elementor-type=\"wp-page\" data-elementor-id=\"4503\" class=\"elementor elementor-4503\" data-elementor-post-type=\"page\">\n\t\t\t\t<div class=\"elementor-element elementor-element-3dd2bc1 e-flex e-con-boxed e-con e-parent\" data-id=\"3dd2bc1\" data-element_type=\"container\" data-e-type=\"container\">\n\t\t\t\t\t<div class=\"e-con-inner\">\n\t\t<div class=\"elementor-element elementor-element-b1a7c1f e-con-full e-flex e-con e-child\" data-id=\"b1a7c1f\" data-element_type=\"container\" data-e-type=\"container\">\n\t\t\t\t<div class=\"elementor-element elementor-element-961dbeb elementor-widget elementor-widget-image\" data-id=\"961dbeb\" data-element_type=\"widget\" data-e-type=\"widget\" data-widget_type=\"image.default\">\n\t\t\t\t\t\t\t\t\t\t\t\t\t\t\t<img alt=\"\" fetchpriority=\"high\" decoding=\"async\" width=\"748\" height=\"600\" src=\"https:\/\/e9rum28pkjh.exactdn.com\/wp-content\/uploads\/2025\/04\/eich-key-visual-achterbahn-kombiniert.webp?strip=all\" class=\"attachment-large size-large wp-image-5001\" alt=\"\" srcset=\"https:\/\/e9rum28pkjh.exactdn.com\/wp-content\/uploads\/2025\/04\/eich-key-visual-achterbahn-kombiniert.webp?strip=all 748w, https:\/\/e9rum28pkjh.exactdn.com\/wp-content\/uploads\/2025\/04\/eich-key-visual-achterbahn-kombiniert.webp?strip=all&amp;w=149 149w, https:\/\/e9rum28pkjh.exactdn.com\/wp-content\/uploads\/2025\/04\/eich-key-visual-achterbahn-kombiniert.webp?strip=all&amp;w=299 299w, https:\/\/e9rum28pkjh.exactdn.com\/wp-content\/uploads\/2025\/04\/eich-key-visual-achterbahn-kombiniert.webp?strip=all&amp;w=448 448w, https:\/\/e9rum28pkjh.exactdn.com\/wp-content\/uploads\/2025\/04\/eich-key-visual-achterbahn-kombiniert.webp?strip=all&amp;w=598 598w\" sizes=\"(max-width: 748px) 100vw, 748px\" \/>\t\t\t\t\t\t\t\t\t\t\t\t\t\t\t<\/div>\n\t\t\t\t<\/div>\n\t\t<div class=\"elementor-element elementor-element-e15968d e-con-full e-flex e-con e-child\" data-id=\"e15968d\" data-element_type=\"container\" data-e-type=\"container\">\n\t\t\t\t<div class=\"elementor-element elementor-element-88d7487 elementor-widget elementor-widget-heading\" data-id=\"88d7487\" data-element_type=\"widget\" data-e-type=\"widget\" data-widget_type=\"heading.default\">\n\t\t\t\t\t<h2 class=\"elementor-heading-title elementor-size-default\">Dynamik erh\u00f6hen<\/h2>\t\t\t\t<\/div>\n\t\t\t\t<div class=\"elementor-element elementor-element-8aa3005 elementor-widget elementor-widget-heading\" data-id=\"8aa3005\" data-element_type=\"widget\" data-e-type=\"widget\" data-widget_type=\"heading.default\">\n\t\t\t\t\t<h2 class=\"elementor-heading-title elementor-size-default\">Linearbewegung im perfekten Flow - Beschleunigen Sie die Verfahrgeschwindigkeit Ihrer Produkte<\/h2>\t\t\t\t<\/div>\n\t\t\t\t<\/div>\n\t\t\t\t\t<\/div>\n\t\t\t\t<\/div>\n\t\t<div class=\"elementor-element elementor-element-6b772bb e-flex e-con-boxed e-con e-parent\" data-id=\"6b772bb\" data-element_type=\"container\" data-e-type=\"container\">\n\t\t\t\t\t<div class=\"e-con-inner\">\n\t\t\t\t<div class=\"elementor-element elementor-element-762263b elementor-widget elementor-widget-text-editor\" data-id=\"762263b\" data-element_type=\"widget\" data-e-type=\"widget\" data-widget_type=\"text-editor.default\">\n\t\t\t\t\t\t\t\t\t<p>In der perfekten Bewegung steckt perfekte Dynamik. Eine Eigenschaft, die sich unmittelbar auf die Verfahrgeschwindigkeit und somit auf die Effizienz Ihres Produktes auswirkt. Durch innovative Details und spezielle Herstellverfahren schaffen Eichenberger Gewindetriebe die Voraussetzung f\u00fcr maximale Dynamik, mit der Ihre Kunden mehr Zyklen pro Zeiteinheit schaffen. Sie suchen eine hoch spezifische L\u00f6sung? Dann fordern wir die Grenzen des technisch Machbaren f\u00fcr Sie heraus.<\/p>\t\t\t\t\t\t\t\t<\/div>\n\t\t\t\t\t<\/div>\n\t\t\t\t<\/div>\n\t\t<div class=\"elementor-element elementor-element-25c132d6 e-flex e-con-boxed e-con e-parent\" data-id=\"25c132d6\" data-element_type=\"container\" data-e-type=\"container\">\n\t\t\t\t\t<div class=\"e-con-inner\">\n\t\t\t\t<div class=\"elementor-element elementor-element-5e8a2a8 elementor-widget elementor-widget-heading\" data-id=\"5e8a2a8\" data-element_type=\"widget\" data-e-type=\"widget\" data-widget_type=\"heading.default\">\n\t\t\t\t\t<h1 class=\"elementor-heading-title elementor-size-default\">So erh\u00f6hen Sie die Dynamik mit Eichenberger<\/h1>\t\t\t\t<\/div>\n\t\t<div class=\"elementor-element elementor-element-f38b897 e-con-full e-flex e-con e-child\" data-id=\"f38b897\" data-element_type=\"container\" data-e-type=\"container\">\n\t\t<div class=\"elementor-element elementor-element-e903e79 e-con-full e-flex e-con e-child\" data-id=\"e903e79\" data-element_type=\"container\" data-e-type=\"container\">\n\t\t\t\t<div class=\"elementor-element elementor-element-93ff52b elementor-flip-box--effect-fade e-transform elementor-widget elementor-widget-flip-box\" data-id=\"93ff52b\" data-element_type=\"widget\" data-e-type=\"widget\" data-settings=\"{&quot;_transform_scale_effect_hover&quot;:{&quot;unit&quot;:&quot;px&quot;,&quot;size&quot;:1.0500000000000000444089209850062616169452667236328125,&quot;sizes&quot;:[]},&quot;_transform_scale_effect_hover_laptop&quot;:{&quot;unit&quot;:&quot;px&quot;,&quot;size&quot;:&quot;&quot;,&quot;sizes&quot;:[]},&quot;_transform_scale_effect_hover_tablet&quot;:{&quot;unit&quot;:&quot;px&quot;,&quot;size&quot;:&quot;&quot;,&quot;sizes&quot;:[]},&quot;_transform_scale_effect_hover_mobile&quot;:{&quot;unit&quot;:&quot;px&quot;,&quot;size&quot;:&quot;&quot;,&quot;sizes&quot;:[]}}\" data-widget_type=\"flip-box.default\">\n\t\t\t\t\t\t\t<div class=\"elementor-flip-box\" tabindex=\"0\">\n\t\t\t<div class=\"elementor-flip-box__layer elementor-flip-box__front\">\n\t\t\t\t<div class=\"elementor-flip-box__layer__overlay\">\n\t\t\t\t\t<div class=\"elementor-flip-box__layer__inner\">\n\t\t\t\t\t\t\n\t\t\t\t\t\t\t\t\t\t\t\t\t<div class=\"elementor-flip-box__layer__title\">\n\t\t\t\t\t\t\t\tSteigungsvielfalt\t\t\t\t\t\t\t<\/div>\n\t\t\t\t\t\t\n\t\t\t\t\t\t\t\t\t\t\t<\/div>\n\t\t\t\t<\/div>\n\t\t\t<\/div>\n\t\t\t<div class=\"elementor-flip-box__layer elementor-flip-box__back\">\n\t\t\t<div class=\"elementor-flip-box__layer__overlay\">\n\t\t\t\t<div class=\"elementor-flip-box__layer__inner\">\n\t\t\t\t\t\t\t\t\t\t\t<div class=\"elementor-flip-box__layer__title\">\n\t\t\t\t\t\t\tSteigungsvielfalt\t\t\t\t\t\t<\/div>\n\t\t\t\t\t\n\t\t\t\t\t\t\t\t\t\t\t<div class=\"elementor-flip-box__layer__description\">\n\t\t\t\t\t\t\tEin gr\u00f6sserer Steigungswinkel erh\u00f6ht die\nVerfahrgeschwindigkeit. Unsere Gewindetriebe bieten eine ungeahnte Vielfalt von Steigungen, auch \u00fcberquadratisch. Oder darf es ein massgeschneiderter Steigungswinkel sein?\t\t\t\t\t\t<\/div>\n\t\t\t\t\t\n\t\t\t\t\t\t\t\t<\/div>\n\t\t<\/div>\n\t\t<\/div>\n\t\t<\/div>\n\t\t\t\t\t\t<\/div>\n\t\t\t\t<\/div>\n\t\t<div class=\"elementor-element elementor-element-42d1591 e-con-full e-flex e-con e-child\" data-id=\"42d1591\" data-element_type=\"container\" data-e-type=\"container\">\n\t\t\t\t<div class=\"elementor-element elementor-element-cc8bcff elementor-flip-box--effect-fade e-transform elementor-widget elementor-widget-flip-box\" data-id=\"cc8bcff\" data-element_type=\"widget\" data-e-type=\"widget\" data-settings=\"{&quot;_transform_scale_effect_hover&quot;:{&quot;unit&quot;:&quot;px&quot;,&quot;size&quot;:1.0500000000000000444089209850062616169452667236328125,&quot;sizes&quot;:[]},&quot;_transform_scale_effect_hover_laptop&quot;:{&quot;unit&quot;:&quot;px&quot;,&quot;size&quot;:&quot;&quot;,&quot;sizes&quot;:[]},&quot;_transform_scale_effect_hover_tablet&quot;:{&quot;unit&quot;:&quot;px&quot;,&quot;size&quot;:&quot;&quot;,&quot;sizes&quot;:[]},&quot;_transform_scale_effect_hover_mobile&quot;:{&quot;unit&quot;:&quot;px&quot;,&quot;size&quot;:&quot;&quot;,&quot;sizes&quot;:[]}}\" data-widget_type=\"flip-box.default\">\n\t\t\t\t\t\t\t<div class=\"elementor-flip-box\" tabindex=\"0\">\n\t\t\t<div class=\"elementor-flip-box__layer elementor-flip-box__front\">\n\t\t\t\t<div class=\"elementor-flip-box__layer__overlay\">\n\t\t\t\t\t<div class=\"elementor-flip-box__layer__inner\">\n\t\t\t\t\t\t\n\t\t\t\t\t\t\t\t\t\t\t\t\t<div class=\"elementor-flip-box__layer__title\">\n\t\t\t\t\t\t\t\tUmlenksystem\t\t\t\t\t\t\t<\/div>\n\t\t\t\t\t\t\n\t\t\t\t\t\t\t\t\t\t\t<\/div>\n\t\t\t\t<\/div>\n\t\t\t<\/div>\n\t\t\t<div class=\"elementor-flip-box__layer elementor-flip-box__back\">\n\t\t\t<div class=\"elementor-flip-box__layer__overlay\">\n\t\t\t\t<div class=\"elementor-flip-box__layer__inner\">\n\t\t\t\t\t\t\t\t\t\t\t<div class=\"elementor-flip-box__layer__title\">\n\t\t\t\t\t\t\tUmlenksystem\t\t\t\t\t\t<\/div>\n\t\t\t\t\t\n\t\t\t\t\t\t\t\t\t\t\t<div class=\"elementor-flip-box__layer__description\">\n\t\t\t\t\t\t\tDie ausgekl\u00fcgelten Kugelr\u00fcckf\u00fchrsysteme\nlassen extreme Steigungen zu. Wo sonst als bei Eichenberger gibt es eine Spindel @16mm mit einer Steigung von 50mm? Die Bewegung\nerreicht damit eine neue Dynamik.\t\t\t\t\t\t<\/div>\n\t\t\t\t\t\n\t\t\t\t\t\t\t\t<\/div>\n\t\t<\/div>\n\t\t<\/div>\n\t\t<\/div>\n\t\t\t\t\t\t<\/div>\n\t\t\t\t<\/div>\n\t\t<div class=\"elementor-element elementor-element-819a7dd e-con-full e-flex e-con e-child\" data-id=\"819a7dd\" data-element_type=\"container\" data-e-type=\"container\">\n\t\t\t\t<div class=\"elementor-element elementor-element-a25b0ba elementor-flip-box--effect-fade e-transform elementor-widget elementor-widget-flip-box\" data-id=\"a25b0ba\" data-element_type=\"widget\" data-e-type=\"widget\" data-settings=\"{&quot;_transform_scale_effect_hover&quot;:{&quot;unit&quot;:&quot;px&quot;,&quot;size&quot;:1.0500000000000000444089209850062616169452667236328125,&quot;sizes&quot;:[]},&quot;_transform_scale_effect_hover_laptop&quot;:{&quot;unit&quot;:&quot;px&quot;,&quot;size&quot;:&quot;&quot;,&quot;sizes&quot;:[]},&quot;_transform_scale_effect_hover_tablet&quot;:{&quot;unit&quot;:&quot;px&quot;,&quot;size&quot;:&quot;&quot;,&quot;sizes&quot;:[]},&quot;_transform_scale_effect_hover_mobile&quot;:{&quot;unit&quot;:&quot;px&quot;,&quot;size&quot;:&quot;&quot;,&quot;sizes&quot;:[]}}\" data-widget_type=\"flip-box.default\">\n\t\t\t\t\t\t\t<div class=\"elementor-flip-box\" tabindex=\"0\">\n\t\t\t<div class=\"elementor-flip-box__layer elementor-flip-box__front\">\n\t\t\t\t<div class=\"elementor-flip-box__layer__overlay\">\n\t\t\t\t\t<div class=\"elementor-flip-box__layer__inner\">\n\t\t\t\t\t\t\n\t\t\t\t\t\t\t\t\t\t\t\t\t<div class=\"elementor-flip-box__layer__title\">\n\t\t\t\t\t\t\t\tHerstellverfahren\t\t\t\t\t\t\t<\/div>\n\t\t\t\t\t\t\n\t\t\t\t\t\t\t\t\t\t\t<\/div>\n\t\t\t\t<\/div>\n\t\t\t<\/div>\n\t\t\t<div class=\"elementor-flip-box__layer elementor-flip-box__back\">\n\t\t\t<div class=\"elementor-flip-box__layer__overlay\">\n\t\t\t\t<div class=\"elementor-flip-box__layer__inner\">\n\t\t\t\t\t\t\t\t\t\t\t<div class=\"elementor-flip-box__layer__title\">\n\t\t\t\t\t\t\tHerstellverfahren\t\t\t\t\t\t<\/div>\n\t\t\t\t\t\n\t\t\t\t\t\t\t\t\t\t\t<div class=\"elementor-flip-box__layer__description\">\n\t\t\t\t\t\t\tEichenberger Spindeln werden kaltgerollt. Die\nKaltumformung garantiert eine hohe\nOberfl\u00e4cheng\u00fcte mit extrem niedrigen\nRauheitswerten. Dies ergibt eine hohe Dynamik bei maximaler Laufleistung.\t\t\t\t\t\t<\/div>\n\t\t\t\t\t\n\t\t\t\t\t\t\t\t<\/div>\n\t\t<\/div>\n\t\t<\/div>\n\t\t<\/div>\n\t\t\t\t\t\t<\/div>\n\t\t\t\t<\/div>\n\t\t\t\t<\/div>\n\t\t\t\t\t<\/div>\n\t\t\t\t<\/div>\n\t\t\t\t<\/div>\n\t\t","protected":false},"excerpt":{"rendered":"<p>Dynamik erh\u00f6hen Linearbewegung im perfekten Flow &#8211; Beschleunigen Sie die Verfahrgeschwindigkeit Ihrer Produkte In der perfekten Bewegung steckt perfekte Dynamik. Eine Eigenschaft, die sich unmittelbar auf die Verfahrgeschwindigkeit und somit auf die Effizienz Ihres Produktes auswirkt. Durch innovative Details und spezielle Herstellverfahren schaffen Eichenberger Gewindetriebe die Voraussetzung f\u00fcr maximale Dynamik, mit der Ihre Kunden mehr [&hellip;]<\/p>\n","protected":false},"author":2,"featured_media":0,"parent":4110,"menu_order":0,"comment_status":"closed","ping_status":"closed","template":"","meta":{"_acf_changed":false,"_seopress_robots_primary_cat":"","_seopress_titles_title":"","_seopress_titles_desc":"","_seopress_robots_index":"","footnotes":""},"element":[15,13,16,21,18],"seitenkategorie":[],"class_list":["post-4503","page","type-page","status-publish","hentry","element-blog","element-logo-slider","element-newsletter","element-services","element-fuer-sie-bewegen"],"acf":[],"_links":{"self":[{"href":"https:\/\/www.eichenberger.com\/de\/wp-json\/wp\/v2\/pages\/4503","targetHints":{"allow":["GET"]}}],"collection":[{"href":"https:\/\/www.eichenberger.com\/de\/wp-json\/wp\/v2\/pages"}],"about":[{"href":"https:\/\/www.eichenberger.com\/de\/wp-json\/wp\/v2\/types\/page"}],"author":[{"embeddable":true,"href":"https:\/\/www.eichenberger.com\/de\/wp-json\/wp\/v2\/users\/2"}],"replies":[{"embeddable":true,"href":"https:\/\/www.eichenberger.com\/de\/wp-json\/wp\/v2\/comments?post=4503"}],"version-history":[{"count":0,"href":"https:\/\/www.eichenberger.com\/de\/wp-json\/wp\/v2\/pages\/4503\/revisions"}],"up":[{"embeddable":true,"href":"https:\/\/www.eichenberger.com\/de\/wp-json\/wp\/v2\/pages\/4110"}],"wp:attachment":[{"href":"https:\/\/www.eichenberger.com\/de\/wp-json\/wp\/v2\/media?parent=4503"}],"wp:term":[{"taxonomy":"element","embeddable":true,"href":"https:\/\/www.eichenberger.com\/de\/wp-json\/wp\/v2\/element?post=4503"},{"taxonomy":"seitenkategorie","embeddable":true,"href":"https:\/\/www.eichenberger.com\/de\/wp-json\/wp\/v2\/seitenkategorie?post=4503"}],"curies":[{"name":"wp","href":"https:\/\/api.w.org\/{rel}","templated":true}]}}